{"id":6370,"date":"2022-04-23T11:08:39","date_gmt":"2022-04-23T09:08:39","guid":{"rendered":"https:\/\/theatre-en-liberte.com\/blog\/?page_id=6370"},"modified":"2022-05-27T09:49:22","modified_gmt":"2022-05-27T07:49:22","slug":"reservez-vos-places-pour-des-souris-et-des-hommes-au-chateau-de-goulaine","status":"publish","type":"page","link":"https:\/\/theatre-en-liberte.com\/blog\/reservez-vos-places-pour-des-souris-et-des-hommes-au-chateau-de-goulaine\/","title":{"rendered":"R\u00e9servez vos places pour Des souris et des hommes au Ch\u00e2teau de Goulaine !"},"content":{"rendered":"<h2 style=\"text-align: center;\">Des souris et des hommes, de John Steinbeck, les 10, 11, 12 et 14 juin<br \/>\nen ext\u00e9rieur dans les jardins du Ch\u00e2teau de Goulaine<\/h2>\n<p>&nbsp;<\/p>\n<p><strong>A l&rsquo;approche de l&rsquo;\u00e9t\u00e9, et pour conclure sa saison en beaut\u00e9, le Th\u00e9\u00e2tre en Libert\u00e9 vous propose une exp\u00e9rience th\u00e9\u00e2trale unique ! Avec 4 repr\u00e9sentations des Souris et des hommes, en ext\u00e9rieur, dans les jardins du Ch\u00e2teau de Goulaine !<\/strong><\/p>\n<p><em>George Milton et Lennie Small, deux amis, errent sur les routes de Californie. L\u2019amiti\u00e9 qui les lie est pure et solide, mais ne suffit pas \u00e0 les prot\u00e9ger de la maladresse de Lennie. Une maladresse presque po\u00e9tique, qui les conduit \u00e0 changer sans cesse de travail, et qui laisse poindre \u00e0 l\u2019horizon un drame sans \u00e9gal.<\/em><\/p>\n<p><em>\u00c9mouvante histoire d\u2019amiti\u00e9 qui met en exergue la diff\u00e9rence, on y retrouve une galerie de personnages empreints de solitude, de duret\u00e9, anim\u00e9s de r\u00eave et d&rsquo;espoir. <a href=\"https:\/\/theatre-en-liberte.com\/blog\/creation-2017-18-des-souris-et-des-hommes\/\">Des souris et des hommes<\/a> reste une \u0153uvre d&rsquo;actualit\u00e9 qui s&rsquo;adresse \u00e0 toutes les g\u00e9n\u00e9rations : ch\u00f4mage, exclusion, discrimination, innocence et fraternit\u00e9\u2026 Un texte universel, aux mots simples mais puissants, qui s\u2019\u00e9rige en le\u00e7on d\u2019humanit\u00e9.<\/em><\/p>\n<p style=\"text-align: center;\"><strong>Petite restauration sur place &#8211; Places assises, placement libre &#8211; Repr\u00e9sentations en plein air, pr\u00e9voyez un plaid \ud83d\ude09<\/strong><\/p>\n<p style=\"text-align: center;\"><b>Vendredi 10 juin 2022 (20h30), samedi 11 juin (20h30), dimanche 12 juin (18h00) et mardi 14 juin (20h30)<br \/>\n<\/b>au Ch\u00e2teau de Goulaine \u00e0 Haute Goulaine, tarif : 12,00 \u20ac, r\u00e9servations au 06 08 94 04 51 ou&#8230;<\/p>\n<p style=\"text-align: center;\"><a href=\"https:\/\/www.billetweb.fr\/des-souris-et-des-hommes-au-chateau-de-goulaine\" class=\"su-button su-button-style-flat\" style=\"color:#FFFFFF;background-color:#AE2728;border-color:#8c2020;border-radius:12px\" target=\"_self\"><span style=\"color:#FFFFFF;padding:9px 30px;font-size:22px;line-height:33px;border-color:#c76869;border-radius:12px;text-shadow:none\"><i class=\"sui sui-shopping-cart\" style=\"font-size:22px;color:#FFFFFF\"><\/i> R\u00e9servez vos places en ligne !<\/span><\/a>\n<p>&nbsp;<\/p>\n<p style=\"text-align: center;\"><a href=\"https:\/\/theatre-en-liberte.com\/blog\/wp-content\/uploads\/DSF4200.jpg\"><img loading=\"lazy\" decoding=\"async\" class=\"alignnone size-medium wp-image-6381\" src=\"https:\/\/theatre-en-liberte.com\/blog\/wp-content\/uploads\/DSF4200-300x174.jpg\" alt=\"\" width=\"300\" height=\"174\" srcset=\"https:\/\/theatre-en-liberte.com\/blog\/wp-content\/uploads\/DSF4200-300x174.jpg 300w, https:\/\/theatre-en-liberte.com\/blog\/wp-content\/uploads\/DSF4200-700x407.jpg 700w, https:\/\/theatre-en-liberte.com\/blog\/wp-content\/uploads\/DSF4200-768x446.jpg 768w, https:\/\/theatre-en-liberte.com\/blog\/wp-content\/uploads\/DSF4200-482x280.jpg 482w, https:\/\/theatre-en-liberte.com\/blog\/wp-content\/uploads\/DSF4200.jpg 800w\" sizes=\"auto, (max-width: 300px) 100vw, 300px\" \/><\/a> <a href=\"https:\/\/theatre-en-liberte.com\/blog\/wp-content\/uploads\/DSF4160.jpg\"><img loading=\"lazy\" decoding=\"async\" class=\"alignnone size-medium wp-image-6380\" src=\"https:\/\/theatre-en-liberte.com\/blog\/wp-content\/uploads\/DSF4160-300x174.jpg\" alt=\"\" width=\"300\" height=\"174\" srcset=\"https:\/\/theatre-en-liberte.com\/blog\/wp-content\/uploads\/DSF4160-300x174.jpg 300w, https:\/\/theatre-en-liberte.com\/blog\/wp-content\/uploads\/DSF4160-700x407.jpg 700w, https:\/\/theatre-en-liberte.com\/blog\/wp-content\/uploads\/DSF4160-768x446.jpg 768w, https:\/\/theatre-en-liberte.com\/blog\/wp-content\/uploads\/DSF4160-482x280.jpg 482w, https:\/\/theatre-en-liberte.com\/blog\/wp-content\/uploads\/DSF4160.jpg 800w\" sizes=\"auto, (max-width: 300px) 100vw, 300px\" \/><\/a><\/p>\n<p style=\"text-align: center;\"><a href=\"https:\/\/theatre-en-liberte.com\/blog\/wp-content\/uploads\/DSF4139.jpg\"><img loading=\"lazy\" decoding=\"async\" class=\"alignnone size-medium wp-image-6379\" src=\"https:\/\/theatre-en-liberte.com\/blog\/wp-content\/uploads\/DSF4139-300x174.jpg\" alt=\"\" width=\"300\" height=\"174\" srcset=\"https:\/\/theatre-en-liberte.com\/blog\/wp-content\/uploads\/DSF4139-300x174.jpg 300w, https:\/\/theatre-en-liberte.com\/blog\/wp-content\/uploads\/DSF4139-700x407.jpg 700w, https:\/\/theatre-en-liberte.com\/blog\/wp-content\/uploads\/DSF4139-768x446.jpg 768w, https:\/\/theatre-en-liberte.com\/blog\/wp-content\/uploads\/DSF4139-482x280.jpg 482w, https:\/\/theatre-en-liberte.com\/blog\/wp-content\/uploads\/DSF4139.jpg 800w\" sizes=\"auto, (max-width: 300px) 100vw, 300px\" \/><\/a> <a href=\"https:\/\/theatre-en-liberte.com\/blog\/wp-content\/uploads\/DSF4123.jpg\"><img loading=\"lazy\" decoding=\"async\" class=\"alignnone size-medium wp-image-6378\" src=\"https:\/\/theatre-en-liberte.com\/blog\/wp-content\/uploads\/DSF4123-300x174.jpg\" alt=\"\" width=\"300\" height=\"174\" srcset=\"https:\/\/theatre-en-liberte.com\/blog\/wp-content\/uploads\/DSF4123-300x174.jpg 300w, https:\/\/theatre-en-liberte.com\/blog\/wp-content\/uploads\/DSF4123-700x407.jpg 700w, https:\/\/theatre-en-liberte.com\/blog\/wp-content\/uploads\/DSF4123-768x446.jpg 768w, https:\/\/theatre-en-liberte.com\/blog\/wp-content\/uploads\/DSF4123-482x280.jpg 482w, https:\/\/theatre-en-liberte.com\/blog\/wp-content\/uploads\/DSF4123.jpg 800w\" sizes=\"auto, (max-width: 300px) 100vw, 300px\" \/><\/a><\/p>\n<p>&nbsp;<\/p>\n<p><a href=\"https:\/\/theatre-en-liberte.com\/blog\/wp-content\/uploads\/affiche-web-chateau.jpg\"><img loading=\"lazy\" decoding=\"async\" class=\"size-full wp-image-6356 aligncenter\" src=\"https:\/\/theatre-en-liberte.com\/blog\/wp-content\/uploads\/affiche-web-chateau.jpg\" alt=\"\" width=\"902\" height=\"1200\" srcset=\"https:\/\/theatre-en-liberte.com\/blog\/wp-content\/uploads\/affiche-web-chateau.jpg 902w, https:\/\/theatre-en-liberte.com\/blog\/wp-content\/uploads\/affiche-web-chateau-226x300.jpg 226w, https:\/\/theatre-en-liberte.com\/blog\/wp-content\/uploads\/affiche-web-chateau-700x931.jpg 700w, https:\/\/theatre-en-liberte.com\/blog\/wp-content\/uploads\/affiche-web-chateau-768x1022.jpg 768w, https:\/\/theatre-en-liberte.com\/blog\/wp-content\/uploads\/affiche-web-chateau-210x280.jpg 210w\" sizes=\"auto, (max-width: 902px) 100vw, 902px\" \/><\/a><\/p>\n","protected":false},"excerpt":{"rendered":"<p>Des souris et des hommes, de John Steinbeck, les 10, 11, 12 et 14 juin en ext\u00e9rieur dans les jardins du Ch\u00e2teau de Goulaine &nbsp; A l&rsquo;approche de l&rsquo;\u00e9t\u00e9, et pour conclure sa saison&#46;&#46;&#46;<\/p>\n","protected":false},"author":1,"featured_media":0,"parent":0,"menu_order":0,"comment_status":"closed","ping_status":"closed","template":"","meta":{"_monsterinsights_skip_tracking":false,"_monsterinsights_sitenote_active":false,"_monsterinsights_sitenote_note":"","_monsterinsights_sitenote_category":0,"footnotes":""},"class_list":["post-6370","page","type-page","status-publish","hentry"],"_links":{"self":[{"href":"https:\/\/theatre-en-liberte.com\/blog\/wp-json\/wp\/v2\/pages\/6370","targetHints":{"allow":["GET"]}}],"collection":[{"href":"https:\/\/theatre-en-liberte.com\/blog\/wp-json\/wp\/v2\/pages"}],"about":[{"href":"https:\/\/theatre-en-liberte.com\/blog\/wp-json\/wp\/v2\/types\/page"}],"author":[{"embeddable":true,"href":"https:\/\/theatre-en-liberte.com\/blog\/wp-json\/wp\/v2\/users\/1"}],"replies":[{"embeddable":true,"href":"https:\/\/theatre-en-liberte.com\/blog\/wp-json\/wp\/v2\/comments?post=6370"}],"version-history":[{"count":11,"href":"https:\/\/theatre-en-liberte.com\/blog\/wp-json\/wp\/v2\/pages\/6370\/revisions"}],"predecessor-version":[{"id":6372,"href":"https:\/\/theatre-en-liberte.com\/blog\/wp-json\/wp\/v2\/pages\/6370\/revisions\/6372"}],"wp:attachment":[{"href":"https:\/\/theatre-en-liberte.com\/blog\/wp-json\/wp\/v2\/media?parent=6370"}],"curies":[{"name":"wp","href":"https:\/\/api.w.org\/{rel}","templated":true}]}}