{"id":8,"date":"2013-03-19T21:13:49","date_gmt":"2013-03-19T20:13:49","guid":{"rendered":"http:\/\/theatre-en-liberte.com\/blog\/?page_id=8"},"modified":"2025-12-10T12:42:27","modified_gmt":"2025-12-10T11:42:27","slug":"nos-partenaires","status":"publish","type":"page","link":"https:\/\/theatre-en-liberte.com\/blog\/nos-partenaires\/","title":{"rendered":"Nos partenaires"},"content":{"rendered":"<p><strong>Gr\u00e2ce \u00e0 eux, l&rsquo;aventure continue&#8230;<\/strong><\/p>\n<p>Le Th\u00e9\u00e2tre en Libert\u00e9 est <strong>soutenu par des partenaires<\/strong> qui sont pr\u00e9sents tout au long de l&rsquo;ann\u00e9e aux c\u00f4t\u00e9s de la troupe.\u00a0Cliquez sur les images ci-dessous pour consulter les informations sur chacun.<\/p>\n<p>&nbsp;<\/p>\n<table border=\"0\" width=\"100%\">\n<tbody>\n<tr>\n<td valign=\"top\"><a href=\"https:\/\/www.planity.com\/le-comptoir-a-meches-44120-vertou\"><img loading=\"lazy\" decoding=\"async\" class=\"alignnone size-medium wp-image-6949\" src=\"https:\/\/theatre-en-liberte.com\/blog\/wp-content\/uploads\/comptoir-meches-300x189.jpg\" alt=\"\" width=\"300\" height=\"189\" srcset=\"https:\/\/theatre-en-liberte.com\/blog\/wp-content\/uploads\/comptoir-meches-300x189.jpg 300w, https:\/\/theatre-en-liberte.com\/blog\/wp-content\/uploads\/comptoir-meches-700x440.jpg 700w, https:\/\/theatre-en-liberte.com\/blog\/wp-content\/uploads\/comptoir-meches-768x483.jpg 768w, https:\/\/theatre-en-liberte.com\/blog\/wp-content\/uploads\/comptoir-meches-445x280.jpg 445w, https:\/\/theatre-en-liberte.com\/blog\/wp-content\/uploads\/comptoir-meches.jpg 999w\" sizes=\"auto, (max-width: 300px) 100vw, 300px\" \/><\/a><\/p>\n<p><strong><a href=\"https:\/\/www.planity.com\/le-comptoir-a-meches-44120-vertou\">Le comptoir \u00e0 m\u00e8ches<\/a><\/strong><\/td>\n<td valign=\"top\"><a href=\"https:\/\/www.sticker.fr\/\"><img loading=\"lazy\" decoding=\"async\" class=\"alignnone wp-image-6637 size-full\" src=\"https:\/\/theatre-en-liberte.com\/blog\/wp-content\/uploads\/logoFR.jpg\" alt=\"Autocollants personnalis\u00e9s\" width=\"300\" height=\"68\" \/><\/a><\/p>\n<p><strong><a href=\"https:\/\/www.sticker.fr\/\">Sticker.fr : vos autocollants personnalis\u00e9s pas chers<\/a><\/strong><\/td>\n<td valign=\"top\"><a href=\"https:\/\/www.fourrureshop.fr\/\"><img loading=\"lazy\" decoding=\"async\" class=\"alignnone wp-image-6271\" src=\"https:\/\/theatre-en-liberte.com\/blog\/wp-content\/uploads\/partenaire-fourrureshop.jpg\" alt=\"\" width=\"401\" height=\"112\" srcset=\"https:\/\/theatre-en-liberte.com\/blog\/wp-content\/uploads\/partenaire-fourrureshop.jpg 609w, https:\/\/theatre-en-liberte.com\/blog\/wp-content\/uploads\/partenaire-fourrureshop-300x84.jpg 300w\" sizes=\"auto, (max-width: 401px) 100vw, 401px\" \/><\/a><\/p>\n<p><strong><a href=\"https:\/\/www.fourrureshop.fr\/\">Fourrureshop.fr<\/a><\/strong><\/td>\n<\/tr>\n<tr>\n<td valign=\"top\"><a href=\"https:\/\/theatre-en-liberte.com\/blog\/wp-content\/uploads\/cave-inattendu-2.jpg\"><img loading=\"lazy\" decoding=\"async\" class=\"alignnone wp-image-6942 size-medium\" src=\"https:\/\/theatre-en-liberte.com\/blog\/wp-content\/uploads\/cave-inattendu-2-300x198.jpg\" alt=\"\" width=\"300\" height=\"198\" srcset=\"https:\/\/theatre-en-liberte.com\/blog\/wp-content\/uploads\/cave-inattendu-2-300x198.jpg 300w, https:\/\/theatre-en-liberte.com\/blog\/wp-content\/uploads\/cave-inattendu-2-700x463.jpg 700w, https:\/\/theatre-en-liberte.com\/blog\/wp-content\/uploads\/cave-inattendu-2-768x508.jpg 768w, https:\/\/theatre-en-liberte.com\/blog\/wp-content\/uploads\/cave-inattendu-2-423x280.jpg 423w, https:\/\/theatre-en-liberte.com\/blog\/wp-content\/uploads\/cave-inattendu-2.jpg 936w\" sizes=\"auto, (max-width: 300px) 100vw, 300px\" \/><\/a><br \/>\n<a href=\"https:\/\/www.facebook.com\/La-Cave-de-lInattendu-863530493743611\/\" target=\"_blank\" rel=\"noopener noreferrer\"><strong><strong>Cave de l&rsquo;Inattendu<\/strong><\/strong><\/a><\/td>\n<td valign=\"top\"><a href=\"http:\/\/votre-artisan-boucher.fr\/boucher\/sarl-ollivier\/\"><img loading=\"lazy\" decoding=\"async\" class=\"alignnone wp-image-7136 size-medium\" src=\"https:\/\/theatre-en-liberte.com\/blog\/wp-content\/uploads\/Visuel-Charcuterie-Ollivier_0001-300x194.jpg\" alt=\"\" width=\"300\" height=\"194\" srcset=\"https:\/\/theatre-en-liberte.com\/blog\/wp-content\/uploads\/Visuel-Charcuterie-Ollivier_0001-300x194.jpg 300w, https:\/\/theatre-en-liberte.com\/blog\/wp-content\/uploads\/Visuel-Charcuterie-Ollivier_0001-700x452.jpg 700w, https:\/\/theatre-en-liberte.com\/blog\/wp-content\/uploads\/Visuel-Charcuterie-Ollivier_0001-768x495.jpg 768w, https:\/\/theatre-en-liberte.com\/blog\/wp-content\/uploads\/Visuel-Charcuterie-Ollivier_0001-434x280.jpg 434w, https:\/\/theatre-en-liberte.com\/blog\/wp-content\/uploads\/Visuel-Charcuterie-Ollivier_0001.jpg 1000w\" sizes=\"auto, (max-width: 300px) 100vw, 300px\" \/><\/a><br \/>\n<a href=\"http:\/\/votre-artisan-boucher.fr\/boucher\/sarl-ollivier\/\" target=\"_blank\" rel=\"noopener noreferrer\"><strong>Charcuterie Ollivier<\/strong><\/a><\/td>\n<td valign=\"top\"><a href=\"https:\/\/olivier-cacao.fr\/\"><img loading=\"lazy\" decoding=\"async\" class=\"alignnone size-medium wp-image-6948\" src=\"https:\/\/theatre-en-liberte.com\/blog\/wp-content\/uploads\/olivier-cacao-1-198x300.jpg\" alt=\"\" width=\"198\" height=\"300\" srcset=\"https:\/\/theatre-en-liberte.com\/blog\/wp-content\/uploads\/olivier-cacao-1-198x300.jpg 198w, https:\/\/theatre-en-liberte.com\/blog\/wp-content\/uploads\/olivier-cacao-1-185x280.jpg 185w, https:\/\/theatre-en-liberte.com\/blog\/wp-content\/uploads\/olivier-cacao-1.jpg 524w\" sizes=\"auto, (max-width: 198px) 100vw, 198px\" \/><\/a><\/p>\n<p><strong><a href=\"https:\/\/olivier-cacao.fr\/\">Olivier Cacao<\/a><\/strong><\/td>\n<\/tr>\n<tr>\n<td valign=\"top\"><a href=\"https:\/\/www.safti.fr\/votre-conseiller-safti\/vincent-dubreil\"><img loading=\"lazy\" decoding=\"async\" class=\"alignnone wp-image-7130 size-medium\" src=\"https:\/\/theatre-en-liberte.com\/blog\/wp-content\/uploads\/CLUB-EXCELLENCE-2026-1-300x225.png\" alt=\"\" width=\"300\" height=\"225\" srcset=\"https:\/\/theatre-en-liberte.com\/blog\/wp-content\/uploads\/CLUB-EXCELLENCE-2026-1-300x225.png 300w, https:\/\/theatre-en-liberte.com\/blog\/wp-content\/uploads\/CLUB-EXCELLENCE-2026-1-700x525.png 700w, https:\/\/theatre-en-liberte.com\/blog\/wp-content\/uploads\/CLUB-EXCELLENCE-2026-1-768x576.png 768w, https:\/\/theatre-en-liberte.com\/blog\/wp-content\/uploads\/CLUB-EXCELLENCE-2026-1-1536x1152.png 1536w, https:\/\/theatre-en-liberte.com\/blog\/wp-content\/uploads\/CLUB-EXCELLENCE-2026-1-2048x1536.png 2048w, https:\/\/theatre-en-liberte.com\/blog\/wp-content\/uploads\/CLUB-EXCELLENCE-2026-1-373x280.png 373w\" sizes=\"auto, (max-width: 300px) 100vw, 300px\" \/><\/a><br \/>\n<strong><a href=\"https:\/\/www.safti.fr\/votre-conseiller-safti\/vincent-dubreil\">Safti Immobilier<\/a><\/strong><\/td>\n<td valign=\"top\"><a href=\"https:\/\/theatre-en-liberte.com\/blog\/wp-content\/uploads\/atlantic-bain.jpg\"><img loading=\"lazy\" decoding=\"async\" class=\"alignnone wp-image-6950 size-medium\" src=\"https:\/\/theatre-en-liberte.com\/blog\/wp-content\/uploads\/atlantic-bain-300x150.jpg\" alt=\"\" width=\"300\" height=\"150\" srcset=\"https:\/\/theatre-en-liberte.com\/blog\/wp-content\/uploads\/atlantic-bain-300x150.jpg 300w, https:\/\/theatre-en-liberte.com\/blog\/wp-content\/uploads\/atlantic-bain-700x350.jpg 700w, https:\/\/theatre-en-liberte.com\/blog\/wp-content\/uploads\/atlantic-bain-768x384.jpg 768w, https:\/\/theatre-en-liberte.com\/blog\/wp-content\/uploads\/atlantic-bain-559x280.jpg 559w, https:\/\/theatre-en-liberte.com\/blog\/wp-content\/uploads\/atlantic-bain.jpg 1037w\" sizes=\"auto, (max-width: 300px) 100vw, 300px\" \/><\/a><br \/>\n<a href=\"https:\/\/www.atlantic-bain-morisseau.com\/\" target=\"_blank\" rel=\"noopener noreferrer\"><strong>Atlantic Bain<\/strong><\/a><\/td>\n<td valign=\"top\"><a href=\"http:\/\/www.atlantic-assistance.fr\/\"><img loading=\"lazy\" decoding=\"async\" class=\"alignnone wp-image-5930 size-full\" src=\"https:\/\/theatre-en-liberte.com\/blog\/wp-content\/uploads\/atlantic-assistance.jpg\" alt=\"\" width=\"400\" height=\"150\" srcset=\"https:\/\/theatre-en-liberte.com\/blog\/wp-content\/uploads\/atlantic-assistance.jpg 400w, https:\/\/theatre-en-liberte.com\/blog\/wp-content\/uploads\/atlantic-assistance-300x113.jpg 300w\" sizes=\"auto, (max-width: 400px) 100vw, 400px\" \/><\/a><br \/>\n<strong><a href=\"http:\/\/www.atlantic-assistance.fr\/\">Atlantic Assistance<\/a><\/strong><\/td>\n<\/tr>\n<tr>\n<td valign=\"top\"><a href=\"https:\/\/www.du-coq-a-lane-restaurant-bouguenais.fr\/\"><img loading=\"lazy\" decoding=\"async\" class=\"alignnone size-medium wp-image-6944\" src=\"https:\/\/theatre-en-liberte.com\/blog\/wp-content\/uploads\/coq-a-lane-1-300x190.jpg\" alt=\"\" width=\"300\" height=\"190\" srcset=\"https:\/\/theatre-en-liberte.com\/blog\/wp-content\/uploads\/coq-a-lane-1-300x190.jpg 300w, https:\/\/theatre-en-liberte.com\/blog\/wp-content\/uploads\/coq-a-lane-1-700x442.jpg 700w, https:\/\/theatre-en-liberte.com\/blog\/wp-content\/uploads\/coq-a-lane-1-768x485.jpg 768w, https:\/\/theatre-en-liberte.com\/blog\/wp-content\/uploads\/coq-a-lane-1-443x280.jpg 443w, https:\/\/theatre-en-liberte.com\/blog\/wp-content\/uploads\/coq-a-lane-1.jpg 916w\" sizes=\"auto, (max-width: 300px) 100vw, 300px\" \/><\/a><\/p>\n<p><a href=\"https:\/\/www.du-coq-a-lane-restaurant-bouguenais.fr\/\"><strong><span id=\"m_-218328209004762916ydp371bc3dyiv4945368081yui_3_16_0_1_1504595948147_24866\">Restaurant Du\u00a0<span class=\"il\">Coq<\/span>\u00a0\u00e0 l&rsquo;Ane<\/span><\/strong><\/a><\/td>\n<td valign=\"top\"><a href=\"http:\/\/www.verandarideau.com\/\"><img loading=\"lazy\" decoding=\"async\" class=\"alignnone wp-image-6945 size-medium\" src=\"https:\/\/theatre-en-liberte.com\/blog\/wp-content\/uploads\/rideau-195x300.jpg\" alt=\"\" width=\"195\" height=\"300\" srcset=\"https:\/\/theatre-en-liberte.com\/blog\/wp-content\/uploads\/rideau-195x300.jpg 195w, https:\/\/theatre-en-liberte.com\/blog\/wp-content\/uploads\/rideau-182x280.jpg 182w, https:\/\/theatre-en-liberte.com\/blog\/wp-content\/uploads\/rideau.jpg 568w\" sizes=\"auto, (max-width: 195px) 100vw, 195px\" \/><\/a><br \/>\n<a href=\"http:\/\/www.verandarideau.com\/\" target=\"_blank\" rel=\"noopener noreferrer\"><strong>V\u00e9randa<\/strong><\/a><a href=\"http:\/\/www.verandarideau.com\/\" target=\"_blank\" rel=\"noopener noreferrer\"><strong> Rideau<\/strong><\/a><\/td>\n<td valign=\"top\">\u00a0<a href=\"http:\/\/www.tintamart.com\/\"><img loading=\"lazy\" decoding=\"async\" class=\"alignnone wp-image-5120 size-medium\" src=\"https:\/\/theatre-en-liberte.com\/blog\/wp-content\/uploads\/tintimart-300x206.jpg\" alt=\"\" width=\"300\" height=\"206\" srcset=\"https:\/\/theatre-en-liberte.com\/blog\/wp-content\/uploads\/tintimart-300x206.jpg 300w, https:\/\/theatre-en-liberte.com\/blog\/wp-content\/uploads\/tintimart-768x528.jpg 768w, https:\/\/theatre-en-liberte.com\/blog\/wp-content\/uploads\/tintimart-700x481.jpg 700w, https:\/\/theatre-en-liberte.com\/blog\/wp-content\/uploads\/tintimart-600x413.jpg 600w, https:\/\/theatre-en-liberte.com\/blog\/wp-content\/uploads\/tintimart-407x280.jpg 407w, https:\/\/theatre-en-liberte.com\/blog\/wp-content\/uploads\/tintimart.jpg 980w\" sizes=\"auto, (max-width: 300px) 100vw, 300px\" \/><\/a><br \/>\n<a href=\"http:\/\/www.tintamart.com\/\" target=\"_blank\" rel=\"noopener noreferrer\"><strong>TintAm&rsquo;art<\/strong><\/a><\/td>\n<\/tr>\n<tr>\n<td valign=\"top\">\u00a0\u00a0<a href=\"http:\/\/vertou.fr\/\"><img loading=\"lazy\" decoding=\"async\" class=\"alignnone wp-image-5122 size-medium\" src=\"https:\/\/theatre-en-liberte.com\/blog\/wp-content\/uploads\/ville-de-vertou-300x153.jpg\" alt=\"\" width=\"300\" height=\"153\" srcset=\"https:\/\/theatre-en-liberte.com\/blog\/wp-content\/uploads\/ville-de-vertou-300x153.jpg 300w, https:\/\/theatre-en-liberte.com\/blog\/wp-content\/uploads\/ville-de-vertou-768x392.jpg 768w, https:\/\/theatre-en-liberte.com\/blog\/wp-content\/uploads\/ville-de-vertou-700x357.jpg 700w, https:\/\/theatre-en-liberte.com\/blog\/wp-content\/uploads\/ville-de-vertou-600x306.jpg 600w, https:\/\/theatre-en-liberte.com\/blog\/wp-content\/uploads\/ville-de-vertou-549x280.jpg 549w, https:\/\/theatre-en-liberte.com\/blog\/wp-content\/uploads\/ville-de-vertou.jpg 980w\" sizes=\"auto, (max-width: 300px) 100vw, 300px\" \/><\/a><br \/>\n<a href=\"http:\/\/vertou.fr\/\" target=\"_blank\" rel=\"noopener noreferrer\"><strong>Ville de Vertou<\/strong><\/a><\/td>\n<td valign=\"top\">\u00a0<a href=\"http:\/\/www.chateaudegoulaine.fr\/\"><img loading=\"lazy\" decoding=\"async\" class=\"alignnone wp-image-171 size-medium\" src=\"https:\/\/theatre-en-liberte.com\/blog\/wp-content\/uploads\/partenaires-chateau-goulaine-300x239.jpg\" alt=\"partenaires-chateau-goulaine\" width=\"300\" height=\"239\" srcset=\"https:\/\/theatre-en-liberte.com\/blog\/wp-content\/uploads\/partenaires-chateau-goulaine-300x239.jpg 300w, https:\/\/theatre-en-liberte.com\/blog\/wp-content\/uploads\/partenaires-chateau-goulaine-352x280.jpg 352w, https:\/\/theatre-en-liberte.com\/blog\/wp-content\/uploads\/partenaires-chateau-goulaine.jpg 500w\" sizes=\"auto, (max-width: 300px) 100vw, 300px\" \/><\/a><br \/>\n<a href=\"http:\/\/www.chateaudegoulaine.fr\/\"><strong>Ch\u00e2teau de Goulaine<\/strong><\/a><\/td>\n<td valign=\"top\"><a href=\"https:\/\/theatre-en-liberte.com\/blog\/wp-content\/uploads\/CHATEAU-BARREJAT-DENIS-CAPMARTIN.jpg\"><img loading=\"lazy\" decoding=\"async\" class=\"alignnone size-medium wp-image-6284\" src=\"https:\/\/theatre-en-liberte.com\/blog\/wp-content\/uploads\/CHATEAU-BARREJAT-DENIS-CAPMARTIN-300x300.jpg\" alt=\"\" width=\"300\" height=\"300\" srcset=\"https:\/\/theatre-en-liberte.com\/blog\/wp-content\/uploads\/CHATEAU-BARREJAT-DENIS-CAPMARTIN-300x300.jpg 300w, https:\/\/theatre-en-liberte.com\/blog\/wp-content\/uploads\/CHATEAU-BARREJAT-DENIS-CAPMARTIN-150x150.jpg 150w, https:\/\/theatre-en-liberte.com\/blog\/wp-content\/uploads\/CHATEAU-BARREJAT-DENIS-CAPMARTIN-80x80.jpg 80w, https:\/\/theatre-en-liberte.com\/blog\/wp-content\/uploads\/CHATEAU-BARREJAT-DENIS-CAPMARTIN-320x320.jpg 320w, https:\/\/theatre-en-liberte.com\/blog\/wp-content\/uploads\/CHATEAU-BARREJAT-DENIS-CAPMARTIN-280x280.jpg 280w, https:\/\/theatre-en-liberte.com\/blog\/wp-content\/uploads\/CHATEAU-BARREJAT-DENIS-CAPMARTIN.jpg 600w\" sizes=\"auto, (max-width: 300px) 100vw, 300px\" \/><\/a><\/p>\n<p><a href=\"http:\/\/www.chateaubarrejat.com\/\"><strong>Ch\u00e2teau Barr\u00e9jat<\/strong><\/a><\/td>\n<\/tr>\n<tr>\n<td valign=\"top\"><a href=\"https:\/\/www.polesudshopping.fr\/boutiques\/e-leclerc\/\"><img loading=\"lazy\" decoding=\"async\" class=\"alignnone wp-image-6947\" src=\"https:\/\/theatre-en-liberte.com\/blog\/wp-content\/uploads\/Leclerc-pole-sud-300x64.png\" alt=\"\" width=\"487\" height=\"104\" srcset=\"https:\/\/theatre-en-liberte.com\/blog\/wp-content\/uploads\/Leclerc-pole-sud-300x64.png 300w, https:\/\/theatre-en-liberte.com\/blog\/wp-content\/uploads\/Leclerc-pole-sud-700x150.png 700w, https:\/\/theatre-en-liberte.com\/blog\/wp-content\/uploads\/Leclerc-pole-sud-768x164.png 768w, https:\/\/theatre-en-liberte.com\/blog\/wp-content\/uploads\/Leclerc-pole-sud-1536x329.png 1536w, https:\/\/theatre-en-liberte.com\/blog\/wp-content\/uploads\/Leclerc-pole-sud-2048x438.png 2048w, https:\/\/theatre-en-liberte.com\/blog\/wp-content\/uploads\/Leclerc-pole-sud-1080x231.png 1080w\" sizes=\"auto, (max-width: 487px) 100vw, 487px\" \/><\/a><\/p>\n<p><strong><a href=\"https:\/\/www.polesudshopping.fr\/boutiques\/e-leclerc\/\">Leclerc P\u00f4le Sud<\/a><\/strong><\/td>\n<td valign=\"top\">\u00a0<a href=\"https:\/\/www.pagesjaunes.fr\/pros\/00852142\"><img loading=\"lazy\" decoding=\"async\" class=\"alignnone wp-image-168 size-medium\" src=\"https:\/\/theatre-en-liberte.com\/blog\/wp-content\/uploads\/partenaire-olivier-bonnet-300x221.jpg\" alt=\"partenaire-olivier-bonnet\" width=\"300\" height=\"221\" srcset=\"https:\/\/theatre-en-liberte.com\/blog\/wp-content\/uploads\/partenaire-olivier-bonnet-300x221.jpg 300w, https:\/\/theatre-en-liberte.com\/blog\/wp-content\/uploads\/partenaire-olivier-bonnet-380x280.jpg 380w, https:\/\/theatre-en-liberte.com\/blog\/wp-content\/uploads\/partenaire-olivier-bonnet.jpg 500w\" sizes=\"auto, (max-width: 300px) 100vw, 300px\" \/><\/a><br \/>\n<a href=\"https:\/\/www.pagesjaunes.fr\/pros\/00852142\" target=\"_blank\" rel=\"noopener noreferrer\"><strong>Olivier Bonnet<\/strong><\/a><\/td>\n<td valign=\"top\"><a href=\"https:\/\/theatre-en-liberte.com\/blog\/wp-content\/uploads\/allianz_bat2.jpg\"><img loading=\"lazy\" decoding=\"async\" class=\"alignnone wp-image-7142 size-medium\" src=\"https:\/\/theatre-en-liberte.com\/blog\/wp-content\/uploads\/allianz_bat2-300x117.jpg\" alt=\"\" width=\"300\" height=\"117\" srcset=\"https:\/\/theatre-en-liberte.com\/blog\/wp-content\/uploads\/allianz_bat2-300x117.jpg 300w, https:\/\/theatre-en-liberte.com\/blog\/wp-content\/uploads\/allianz_bat2-700x273.jpg 700w, https:\/\/theatre-en-liberte.com\/blog\/wp-content\/uploads\/allianz_bat2-768x300.jpg 768w, https:\/\/theatre-en-liberte.com\/blog\/wp-content\/uploads\/allianz_bat2-718x280.jpg 718w, https:\/\/theatre-en-liberte.com\/blog\/wp-content\/uploads\/allianz_bat2.jpg 823w\" sizes=\"auto, (max-width: 300px) 100vw, 300px\" \/><\/a><\/p>\n<p><a href=\"https:\/\/agence.allianz.fr\/vertou-44120-400449\"><strong>Allianz<\/strong><\/a><\/td>\n<\/tr>\n<tr>\n<td valign=\"top\"><a href=\"https:\/\/lestroistoits.com\/\"><img loading=\"lazy\" decoding=\"async\" class=\"alignnone wp-image-6064 size-medium\" src=\"https:\/\/theatre-en-liberte.com\/blog\/wp-content\/uploads\/3-toits-300x189.jpg\" alt=\"\" width=\"300\" height=\"189\" srcset=\"https:\/\/theatre-en-liberte.com\/blog\/wp-content\/uploads\/3-toits-300x189.jpg 300w, https:\/\/theatre-en-liberte.com\/blog\/wp-content\/uploads\/3-toits-768x483.jpg 768w, https:\/\/theatre-en-liberte.com\/blog\/wp-content\/uploads\/3-toits-700x440.jpg 700w, https:\/\/theatre-en-liberte.com\/blog\/wp-content\/uploads\/3-toits-446x280.jpg 446w, https:\/\/theatre-en-liberte.com\/blog\/wp-content\/uploads\/3-toits.jpg 931w\" sizes=\"auto, (max-width: 300px) 100vw, 300px\" \/><\/a><br \/>\n<a href=\"https:\/\/lestroistoits.com\/\" target=\"_blank\" rel=\"noopener noreferrer\"><strong>Les Trois Toits<\/strong><\/a><\/td>\n<td valign=\"top\"><a href=\"http:\/\/theatre-en-liberte.com\/blog\/wp-content\/uploads\/duchesne-multiservices.jpg\"><img loading=\"lazy\" decoding=\"async\" class=\"alignnone wp-image-5121 size-medium\" src=\"https:\/\/theatre-en-liberte.com\/blog\/wp-content\/uploads\/duchesne-multiservices-300x198.jpg\" alt=\"\" width=\"300\" height=\"198\" srcset=\"https:\/\/theatre-en-liberte.com\/blog\/wp-content\/uploads\/duchesne-multiservices-300x198.jpg 300w, https:\/\/theatre-en-liberte.com\/blog\/wp-content\/uploads\/duchesne-multiservices-768x506.jpg 768w, https:\/\/theatre-en-liberte.com\/blog\/wp-content\/uploads\/duchesne-multiservices-700x461.jpg 700w, https:\/\/theatre-en-liberte.com\/blog\/wp-content\/uploads\/duchesne-multiservices-600x396.jpg 600w, https:\/\/theatre-en-liberte.com\/blog\/wp-content\/uploads\/duchesne-multiservices-425x280.jpg 425w, https:\/\/theatre-en-liberte.com\/blog\/wp-content\/uploads\/duchesne-multiservices.jpg 980w\" sizes=\"auto, (max-width: 300px) 100vw, 300px\" \/><\/a><br \/>\n<a href=\"http:\/\/theatre-en-liberte.com\/blog\/wp-content\/uploads\/duchesne-multiservices.jpg\" target=\"_blank\" rel=\"noopener noreferrer\"><strong>Duchesne Multiservices<\/strong><\/a><\/td>\n<td valign=\"top\"><a href=\"https:\/\/www.credit-agricole.fr\/particulier\/agence\/atlantique-vendee\/vertou-857.html\"><img loading=\"lazy\" decoding=\"async\" class=\"alignnone wp-image-6941 \" src=\"https:\/\/theatre-en-liberte.com\/blog\/wp-content\/uploads\/credit-agricole-300x300.jpg\" alt=\"\" width=\"190\" height=\"208\" \/><\/a><\/p>\n<p><strong><a href=\"https:\/\/www.credit-agricole.fr\/particulier\/agence\/atlantique-vendee\/vertou-857.html\">Cr\u00e9dit Agricole Vertou<\/a><\/strong><\/td>\n<\/tr>\n<tr>\n<td valign=\"top\">\u00a0<img loading=\"lazy\" decoding=\"async\" class=\"wp-image-6698 size-medium alignnone\" src=\"https:\/\/theatre-en-liberte.com\/blog\/wp-content\/uploads\/garage-dabireau-300x194.jpg\" alt=\"\" width=\"300\" height=\"194\" srcset=\"https:\/\/theatre-en-liberte.com\/blog\/wp-content\/uploads\/garage-dabireau-300x194.jpg 300w, https:\/\/theatre-en-liberte.com\/blog\/wp-content\/uploads\/garage-dabireau-700x452.jpg 700w, https:\/\/theatre-en-liberte.com\/blog\/wp-content\/uploads\/garage-dabireau-768x496.jpg 768w, https:\/\/theatre-en-liberte.com\/blog\/wp-content\/uploads\/garage-dabireau-434x280.jpg 434w, https:\/\/theatre-en-liberte.com\/blog\/wp-content\/uploads\/garage-dabireau.jpg 999w\" sizes=\"auto, (max-width: 300px) 100vw, 300px\" \/><\/p>\n<p><a href=\"https:\/\/www.facebook.com\/antoinedabireau\/\" target=\"_blank\" rel=\"noopener noreferrer\"><strong>Garage Dabireau<\/strong><\/a><\/td>\n<td valign=\"top\"><a href=\"https:\/\/www.leroymerlin.fr\/magasins\/basse-goulaine.html\"><img loading=\"lazy\" decoding=\"async\" class=\"alignnone wp-image-6938 size-medium\" src=\"https:\/\/theatre-en-liberte.com\/blog\/wp-content\/uploads\/Leroy-Merlin-Logo-300x170.png\" alt=\"\" width=\"300\" height=\"170\" srcset=\"https:\/\/theatre-en-liberte.com\/blog\/wp-content\/uploads\/Leroy-Merlin-Logo-300x170.png 300w, https:\/\/theatre-en-liberte.com\/blog\/wp-content\/uploads\/Leroy-Merlin-Logo-700x396.png 700w, https:\/\/theatre-en-liberte.com\/blog\/wp-content\/uploads\/Leroy-Merlin-Logo-768x434.png 768w, https:\/\/theatre-en-liberte.com\/blog\/wp-content\/uploads\/Leroy-Merlin-Logo-495x280.png 495w, https:\/\/theatre-en-liberte.com\/blog\/wp-content\/uploads\/Leroy-Merlin-Logo.png 1300w\" sizes=\"auto, (max-width: 300px) 100vw, 300px\" \/><\/a><\/p>\n<p><strong><a href=\"https:\/\/www.leroymerlin.fr\/magasins\/basse-goulaine.html\">Leroy Merlin Basse Goulaine<\/a><\/strong><\/td>\n<td valign=\"top\"><\/td>\n<\/tr>\n<tr>\n<td valign=\"top\"><\/td>\n<td valign=\"top\"><\/td>\n<td valign=\"top\"><\/td>\n<\/tr>\n<tr>\n<td valign=\"top\"><\/td>\n<td valign=\"top\"><\/td>\n<td valign=\"top\"><\/td>\n<\/tr>\n<\/tbody>\n<\/table>\n<p><a href=\"http:\/\/theatre-en-liberte.com\/blog\/wp-content\/uploads\/partenaire-moriceau.jpg\">\u00a0<\/a><\/p>\n","protected":false},"excerpt":{"rendered":"<p>Gr\u00e2ce \u00e0 eux, l&rsquo;aventure continue&#8230; Le Th\u00e9\u00e2tre en Libert\u00e9 est soutenu par des partenaires qui sont pr\u00e9sents tout au long de l&rsquo;ann\u00e9e aux c\u00f4t\u00e9s de la troupe.\u00a0Cliquez sur les images ci-dessous pour consulter les&#46;&#46;&#46;<\/p>\n","protected":false},"author":1,"featured_media":0,"parent":0,"menu_order":0,"comment_status":"open","ping_status":"open","template":"","meta":{"_monsterinsights_skip_tracking":false,"_monsterinsights_sitenote_active":false,"_monsterinsights_sitenote_note":"","_monsterinsights_sitenote_category":0,"footnotes":""},"class_list":["post-8","page","type-page","status-publish","hentry"],"_links":{"self":[{"href":"https:\/\/theatre-en-liberte.com\/blog\/wp-json\/wp\/v2\/pages\/8","targetHints":{"allow":["GET"]}}],"collection":[{"href":"https:\/\/theatre-en-liberte.com\/blog\/wp-json\/wp\/v2\/pages"}],"about":[{"href":"https:\/\/theatre-en-liberte.com\/blog\/wp-json\/wp\/v2\/types\/page"}],"author":[{"embeddable":true,"href":"https:\/\/theatre-en-liberte.com\/blog\/wp-json\/wp\/v2\/users\/1"}],"replies":[{"embeddable":true,"href":"https:\/\/theatre-en-liberte.com\/blog\/wp-json\/wp\/v2\/comments?post=8"}],"version-history":[{"count":78,"href":"https:\/\/theatre-en-liberte.com\/blog\/wp-json\/wp\/v2\/pages\/8\/revisions"}],"predecessor-version":[{"id":7144,"href":"https:\/\/theatre-en-liberte.com\/blog\/wp-json\/wp\/v2\/pages\/8\/revisions\/7144"}],"wp:attachment":[{"href":"https:\/\/theatre-en-liberte.com\/blog\/wp-json\/wp\/v2\/media?parent=8"}],"curies":[{"name":"wp","href":"https:\/\/api.w.org\/{rel}","templated":true}]}}